{"id":52,"date":"2026-02-16T14:56:32","date_gmt":"2026-02-16T13:56:32","guid":{"rendered":"http:\/\/fll.univ-tiaret.dz\/ldncdase\/?page_id=52"},"modified":"2026-02-16T14:56:32","modified_gmt":"2026-02-16T13:56:32","slug":"revue-dilitec","status":"publish","type":"page","link":"https:\/\/fll.univ-tiaret.dz\/ldncdase\/?page_id=52","title":{"rendered":"Revue DILITEC"},"content":{"rendered":"<h3><strong>DILITEC<\/strong><\/h3>\n<p><strong>Didactique, Linguistique, Litt\u00e9rature et <\/strong><strong>Technologies<\/strong><\/p>\n<p><strong>\u00c0 propos\u00a0:<\/strong><\/p>\n<p><strong>DILITEC (Didactique, Linguistique, Litt\u00e9rature et Technologies) <\/strong>est une revue scientifique internationale annuelle \u00e0 comit\u00e9 de lecture, fond\u00e9e sur un processus rigoureux de peer reviewing. Elle est publi\u00e9e sous l\u2019\u00e9gide de l\u2019Universit\u00e9 Ibn Khaldoun de Tiaret et rattach\u00e9e au laboratoire de recherche LDNCDASE. Revue d\u2019expression plurilingue, elle publie des articles en fran\u00e7ais, en anglais, en espagnol et en allemand afin de promouvoir le dialogue scientifique interculturel. Dans cette perspective, DILITEC se consacre \u00e0 la diffusion de travaux originaux portant sur les interactions entre didactique des langues, sciences du langage, litt\u00e9rature, linguistique et intelligence artificielle, dans une approche interdisciplinaire et internationale.<\/p>\n<p>La revue a pour vocation de promouvoir des recherches th\u00e9oriques, empiriques et m\u00e9thodologiques explorant les mutations contemporaines des pratiques d\u2019enseignement\/apprentissage, des usages linguistiques, des productions litt\u00e9raires et des environnements num\u00e9riques, en particulier dans leurs liens avec l\u2019intelligence artificielle et les technologies \u00e9mergentes. Elle accueille des contributions issues de divers champs : didactique des langues et des cultures, linguistique g\u00e9n\u00e9rale et appliqu\u00e9e, sociolinguistique, analyse du discours, litt\u00e9rature compar\u00e9e, humanit\u00e9s num\u00e9riques, sciences de l\u2019\u00e9ducation et \u00e9tudes sur l\u2019IA en contexte \u00e9ducatif et culturel.<\/p>\n<p>DILITEC s\u2019int\u00e9resse particuli\u00e8rement aux dynamiques de contextualisation des savoirs, \u00e0 la pluralit\u00e9 des approches p\u00e9dagogiques, aux transformations des pratiques discursives et aux enjeux \u00e9thiques, \u00e9pist\u00e9mologiques et sociaux li\u00e9s \u00e0 l\u2019int\u00e9gration de l\u2019intelligence artificielle dans les domaines linguistiques, litt\u00e9raires et \u00e9ducatifs. Elle encourage les recherches mettant en interaction diff\u00e9rents contextes \u00e0 savoir didactiques, linguistiques, culturels, technologiques et institutionnels afin de mieux comprendre les mutations contemporaines des processus de transmission, d\u2019appropriation et de cr\u00e9ation des savoirs langagiers.<\/p>\n<p>La revue vise \u00e0 constituer un espace scientifique de d\u00e9bat et de r\u00e9flexion r\u00e9unissant chercheurs confirm\u00e9s, jeunes chercheurs et praticiens, autour des probl\u00e9matiques actuelles touchant aux langues, aux discours, aux litt\u00e9ratures et aux innovations technologiques. Elle contribue ainsi \u00e0 la valorisation de la recherche acad\u00e9mique aux \u00e9chelles nationale et internationale, tout en favorisant les approches comparatives et interdisciplinaires.<\/p>\n<p>DILITEC est une revue num\u00e9rique en libre acc\u00e8s, respectant les standards internationaux de l\u2019\u00e9dition scientifique : \u00e9valuation anonyme par les pairs, transparence des processus \u00e9ditoriaux, respect de l\u2019\u00e9thique de la recherche et lutte contre toute forme de plagiat. Elle publie un num\u00e9ro par an (th\u00e9matiques ou varia) et peut \u00e9galement proposer des num\u00e9ros sp\u00e9ciaux consacr\u00e9s aux actes de colloques, journ\u00e9es d\u2019\u00e9tude et manifestations scientifiques en lien avec ses axes \u00e9ditoriaux.<\/p>\n<p>Par son positionnement scientifique, DILITEC ambitionne de devenir un espace de r\u00e9f\u00e9rence pour l\u2019analyse des rapports entre didactique, linguistique, litt\u00e9rature et nouvelles technologies, en contribuant activement au d\u00e9veloppement des connaissances et \u00e0 l\u2019\u00e9volution des pratiques acad\u00e9miques dans un monde en constante transformation.<\/p>\n","protected":false},"excerpt":{"rendered":"<p>DILITEC Didactique, Linguistique, Litt\u00e9rature et Technologies \u00c0 propos\u00a0: DILITEC (Didactique, Linguistique, Litt\u00e9rature et Technologies) est une revue scientifique internationale annuelle \u00e0 comit\u00e9 de lecture, fond\u00e9e sur un processus rigoureux de peer reviewing. Elle est publi\u00e9e sous l\u2019\u00e9gide de l\u2019Universit\u00e9 Ibn Khaldoun de Tiaret et rattach\u00e9e au laboratoire de recherche LDNCDASE. Revue d\u2019expression plurilingue, elle publie [&hellip;]<\/p>\n","protected":false},"author":1,"featured_media":0,"parent":0,"menu_order":0,"comment_status":"closed","ping_status":"closed","template":"","meta":{"footnotes":""},"class_list":["post-52","page","type-page","status-publish","hentry"],"_links":{"self":[{"href":"https:\/\/fll.univ-tiaret.dz\/ldncdase\/index.php?rest_route=\/wp\/v2\/pages\/52","targetHints":{"allow":["GET"]}}],"collection":[{"href":"https:\/\/fll.univ-tiaret.dz\/ldncdase\/index.php?rest_route=\/wp\/v2\/pages"}],"about":[{"href":"https:\/\/fll.univ-tiaret.dz\/ldncdase\/index.php?rest_route=\/wp\/v2\/types\/page"}],"author":[{"embeddable":true,"href":"https:\/\/fll.univ-tiaret.dz\/ldncdase\/index.php?rest_route=\/wp\/v2\/users\/1"}],"replies":[{"embeddable":true,"href":"https:\/\/fll.univ-tiaret.dz\/ldncdase\/index.php?rest_route=%2Fwp%2Fv2%2Fcomments&post=52"}],"version-history":[{"count":1,"href":"https:\/\/fll.univ-tiaret.dz\/ldncdase\/index.php?rest_route=\/wp\/v2\/pages\/52\/revisions"}],"predecessor-version":[{"id":53,"href":"https:\/\/fll.univ-tiaret.dz\/ldncdase\/index.php?rest_route=\/wp\/v2\/pages\/52\/revisions\/53"}],"wp:attachment":[{"href":"https:\/\/fll.univ-tiaret.dz\/ldncdase\/index.php?rest_route=%2Fwp%2Fv2%2Fmedia&parent=52"}],"curies":[{"name":"wp","href":"https:\/\/api.w.org\/{rel}","templated":true}]}}