{"id":25,"date":"2026-02-16T14:42:38","date_gmt":"2026-02-16T13:42:38","guid":{"rendered":"http:\/\/fll.univ-tiaret.dz\/ldncdase\/?page_id=25"},"modified":"2026-02-16T14:42:38","modified_gmt":"2026-02-16T13:42:38","slug":"equipe-3","status":"publish","type":"page","link":"https:\/\/fll.univ-tiaret.dz\/ldncdase\/?page_id=25","title":{"rendered":"Equipe 3"},"content":{"rendered":"<p><strong>Equipe 3<\/strong><\/p>\n<p><strong>Discours litt\u00e9raire, genres et modes\u00a0 \/ DLGM<\/strong><\/p>\n<p>Les activit\u00e9s de recherche men\u00e9es par cette \u00e9quipe viseront \u00e0 interroger la place et le r\u00f4le des genres litt\u00e9raires dans la formation intellectuelle et professionnelle des \u00e9tudiants. Comprendre les genres, c\u2019est non seulement d\u00e9velopper les capacit\u00e9s d\u2019analyse, d\u2019interpr\u00e9tation et de communication, mais aussi pr\u00e9parer les apprenants \u00e0 des parcours diversifi\u00e9s dans les domaines des lettres, de la culture, des m\u00e9dias ou de la communication. Chaque genre litt\u00e9raire offre une porte d\u2019entr\u00e9e singuli\u00e8re vers le monde de l\u2019\u00e9criture, permettant d\u2019explorer la complexit\u00e9 du r\u00e9el \u00e0 travers le prisme des mots et des \u00e9motions. Nos travaux chercheront \u00e9galement \u00e0 tisser des liens entre litt\u00e9rature et \u00e9conomie, deux champs souvent oppos\u00e9s mais profond\u00e9ment compl\u00e9mentaires. En s\u2019inspirant des approches anglo-saxonnes, nous analyserons comment les interactions entre ces domaines renouvellent la lecture du social et du politique. Des th\u00e9matiques telles que la pauvret\u00e9, envisag\u00e9e \u00e0 la fois comme r\u00e9alit\u00e9 \u00e9conomique et sujet litt\u00e9raire, seront au c\u0153ur de cette r\u00e9flexion. L\u2019objectif est de d\u00e9construire le st\u00e9r\u00e9otype d\u2019une litt\u00e9rature d\u00e9tach\u00e9e des r\u00e9alit\u00e9s socio-\u00e9conomiques, en montrant au contraire qu\u2019elle en est un observatoire privil\u00e9gi\u00e9 et un instrument critique essentiel.<\/p>\n<p><strong>\u00a0 Mots cl\u00e9s\u00a0: <\/strong>litt\u00e9rature-genre-mode-\u00e9conomie- repr\u00e9sentations<\/p>\n<p>&nbsp;<\/p>\n<table style=\"height: 276px;\" width=\"839\">\n<tbody>\n<tr>\n<td width=\"155\"><strong>Aounallah Soumia<\/strong><\/td>\n<td width=\"80\">Chef d\u2019\u00e9quipe<\/td>\n<td width=\"57\">MCA<\/td>\n<td width=\"243\"><u>soumia.aounallah@yahoo.fr <\/u><\/td>\n<\/tr>\n<tr>\n<td width=\"155\">Ayad Amina<\/td>\n<td width=\"80\">Membre<\/td>\n<td width=\"57\">MAA<\/td>\n<td width=\"243\">amina.ayad@univ-tiaret.dz<\/td>\n<\/tr>\n<tr>\n<td width=\"155\">Malki Benaid<\/td>\n<td width=\"80\">Membre<\/td>\n<td width=\"57\">Pr.<\/td>\n<td width=\"243\">belaid01dz@yahoo.fr<\/td>\n<\/tr>\n<tr>\n<td width=\"155\">Naceri Kheira<\/td>\n<td width=\"80\">Membre<\/td>\n<td width=\"57\">MCA<\/td>\n<td width=\"243\">dknasri14@yahoo.es<\/td>\n<\/tr>\n<\/tbody>\n<\/table>\n<p>&nbsp;<\/p>\n<p><strong>\u00a0<\/strong><\/p>\n","protected":false},"excerpt":{"rendered":"<p>Equipe 3 Discours litt\u00e9raire, genres et modes\u00a0 \/ DLGM Les activit\u00e9s de recherche men\u00e9es par cette \u00e9quipe viseront \u00e0 interroger la place et le r\u00f4le des genres litt\u00e9raires dans la formation intellectuelle et professionnelle des \u00e9tudiants. Comprendre les genres, c\u2019est non seulement d\u00e9velopper les capacit\u00e9s d\u2019analyse, d\u2019interpr\u00e9tation et de communication, mais aussi pr\u00e9parer les apprenants [&hellip;]<\/p>\n","protected":false},"author":1,"featured_media":0,"parent":0,"menu_order":0,"comment_status":"closed","ping_status":"closed","template":"","meta":{"footnotes":""},"class_list":["post-25","page","type-page","status-publish","hentry"],"_links":{"self":[{"href":"https:\/\/fll.univ-tiaret.dz\/ldncdase\/index.php?rest_route=\/wp\/v2\/pages\/25","targetHints":{"allow":["GET"]}}],"collection":[{"href":"https:\/\/fll.univ-tiaret.dz\/ldncdase\/index.php?rest_route=\/wp\/v2\/pages"}],"about":[{"href":"https:\/\/fll.univ-tiaret.dz\/ldncdase\/index.php?rest_route=\/wp\/v2\/types\/page"}],"author":[{"embeddable":true,"href":"https:\/\/fll.univ-tiaret.dz\/ldncdase\/index.php?rest_route=\/wp\/v2\/users\/1"}],"replies":[{"embeddable":true,"href":"https:\/\/fll.univ-tiaret.dz\/ldncdase\/index.php?rest_route=%2Fwp%2Fv2%2Fcomments&post=25"}],"version-history":[{"count":1,"href":"https:\/\/fll.univ-tiaret.dz\/ldncdase\/index.php?rest_route=\/wp\/v2\/pages\/25\/revisions"}],"predecessor-version":[{"id":26,"href":"https:\/\/fll.univ-tiaret.dz\/ldncdase\/index.php?rest_route=\/wp\/v2\/pages\/25\/revisions\/26"}],"wp:attachment":[{"href":"https:\/\/fll.univ-tiaret.dz\/ldncdase\/index.php?rest_route=%2Fwp%2Fv2%2Fmedia&parent=25"}],"curies":[{"name":"wp","href":"https:\/\/api.w.org\/{rel}","templated":true}]}}