{"id":23,"date":"2026-02-16T14:41:44","date_gmt":"2026-02-16T13:41:44","guid":{"rendered":"http:\/\/fll.univ-tiaret.dz\/ldncdase\/?page_id=23"},"modified":"2026-02-16T14:41:44","modified_gmt":"2026-02-16T13:41:44","slug":"equipe-2","status":"publish","type":"page","link":"https:\/\/fll.univ-tiaret.dz\/ldncdase\/?page_id=23","title":{"rendered":"Equipe 2"},"content":{"rendered":"<p><strong>Equipe 2<\/strong><\/p>\n<p><strong>Analyse des discours sp\u00e9cialis\u00e9s\u00a0\u00a0 \/ ADS<\/strong><\/p>\n<p>Cette \u00e9quipe aura comme t\u00e2che de recourir aux nouvelles technologies pour analyser, organiser et classer les diff\u00e9rents discours sp\u00e9cialis\u00e9s. Elle se penchera sur l\u2019utilit\u00e9 des logiciels du traitement automatique des langues (TAL) et initiera ses membres \u00e0 l\u2019usage des logiciels tels que tropes, LE SPHINX LEXICA, ALCESTE, etc.<\/p>\n<p>L&rsquo;analyse de corpus est devenue incontournable dans la linguistique empirique, elle commence \u00e0 faire son entr\u00e9e dans des domaines plus proches des sciences humaines et des langues, notamment l&rsquo;analyse de discours et la stylistique. il s\u2019agit, pour le chercheur, de se donner une contrainte de travail participant \u00e0 garantir la rigueur de sa production.<\/p>\n<p>L\u2019id\u00e9e de recourir \u00e0 des outils, des logiciels, par exemple, pour l\u2019analyse des discours, outils par ailleurs devenus classiques en sciences humaines et sociales (en linguistique et en sociologie bien s\u00fbr, mais aussi en histoire, lettres, droit, m\u00e9decine \u2026) est la dimension langagi\u00e8re et communicationnelle qui est un objectif recherch\u00e9.<\/p>\n<p>Il s\u2019agit d\u00e8s lors d\u2019outiller le travail d\u2019analyse des documents rassembl\u00e9s (programmes, cours, travaux dirig\u00e9s, travaux pratiques, m\u00e9moires, th\u00e8ses, rapports, comptes rendus, monographies). Pour se justifier, l\u2019outil doit apporter une \u00ab valeur ajout\u00e9e \u00bb au travail d\u2019analyse des discours et propositions d\u2019outils (programmes, activit\u00e9s, r\u00e9f\u00e9rentiels de comp\u00e9tences, r\u00e9f\u00e9rentiels d\u2019activit\u00e9s, etc.)de nos chercheurs.<\/p>\n<p><strong>\u00a0 Mots cl\u00e9s\u00a0: <\/strong>analyse-discours-caract\u00e9risation-linguistique- pragmatique<\/p>\n<p>&nbsp;<\/p>\n<table style=\"height: 341px;\" width=\"828\">\n<tbody>\n<tr>\n<td width=\"160\"><strong>ZEKRI Abderrahmane<\/strong><\/td>\n<td width=\"149\">Chef d\u2019\u00e9quipe<\/td>\n<td width=\"52\">Pr.<\/td>\n<td width=\"214\"><u>abderrahmanezekri@gmail.com <\/u><\/td>\n<\/tr>\n<tr>\n<td width=\"160\">Abed Boubekeur<\/td>\n<td width=\"149\">Membre<\/td>\n<td width=\"52\">MCA<\/td>\n<td width=\"214\">abed.boubekeur@univ-tiaret.dz<\/td>\n<\/tr>\n<tr>\n<td width=\"160\">Kafi Khaled<\/td>\n<td width=\"149\">Membre<\/td>\n<td width=\"52\">MAA<\/td>\n<td width=\"214\">k_kafidz@yahoo.fr<\/td>\n<\/tr>\n<tr>\n<td width=\"160\">Belghitar Im\u00e8ne<\/td>\n<td width=\"149\">Membre<\/td>\n<td width=\"52\">Pr.<\/td>\n<td width=\"214\">imene.belghitar@univ-tiaret.dz<\/td>\n<\/tr>\n<tr>\n<td width=\"160\">Mahmoudi Said<\/td>\n<td width=\"149\">Membre<\/td>\n<td width=\"52\">MCB<\/td>\n<td width=\"214\">said2088@gmail.com<\/td>\n<\/tr>\n<\/tbody>\n<\/table>\n<p><strong>\u00a0<\/strong><\/p>\n","protected":false},"excerpt":{"rendered":"<p>Equipe 2 Analyse des discours sp\u00e9cialis\u00e9s\u00a0\u00a0 \/ ADS Cette \u00e9quipe aura comme t\u00e2che de recourir aux nouvelles technologies pour analyser, organiser et classer les diff\u00e9rents discours sp\u00e9cialis\u00e9s. Elle se penchera sur l\u2019utilit\u00e9 des logiciels du traitement automatique des langues (TAL) et initiera ses membres \u00e0 l\u2019usage des logiciels tels que tropes, LE SPHINX LEXICA, ALCESTE, [&hellip;]<\/p>\n","protected":false},"author":1,"featured_media":0,"parent":0,"menu_order":0,"comment_status":"closed","ping_status":"closed","template":"","meta":{"footnotes":""},"class_list":["post-23","page","type-page","status-publish","hentry"],"_links":{"self":[{"href":"https:\/\/fll.univ-tiaret.dz\/ldncdase\/index.php?rest_route=\/wp\/v2\/pages\/23","targetHints":{"allow":["GET"]}}],"collection":[{"href":"https:\/\/fll.univ-tiaret.dz\/ldncdase\/index.php?rest_route=\/wp\/v2\/pages"}],"about":[{"href":"https:\/\/fll.univ-tiaret.dz\/ldncdase\/index.php?rest_route=\/wp\/v2\/types\/page"}],"author":[{"embeddable":true,"href":"https:\/\/fll.univ-tiaret.dz\/ldncdase\/index.php?rest_route=\/wp\/v2\/users\/1"}],"replies":[{"embeddable":true,"href":"https:\/\/fll.univ-tiaret.dz\/ldncdase\/index.php?rest_route=%2Fwp%2Fv2%2Fcomments&post=23"}],"version-history":[{"count":1,"href":"https:\/\/fll.univ-tiaret.dz\/ldncdase\/index.php?rest_route=\/wp\/v2\/pages\/23\/revisions"}],"predecessor-version":[{"id":24,"href":"https:\/\/fll.univ-tiaret.dz\/ldncdase\/index.php?rest_route=\/wp\/v2\/pages\/23\/revisions\/24"}],"wp:attachment":[{"href":"https:\/\/fll.univ-tiaret.dz\/ldncdase\/index.php?rest_route=%2Fwp%2Fv2%2Fmedia&parent=23"}],"curies":[{"name":"wp","href":"https:\/\/api.w.org\/{rel}","templated":true}]}}