{"id":8252,"date":"2025-03-23T11:13:32","date_gmt":"2025-03-23T10:13:32","guid":{"rendered":"http:\/\/fll.univ-tiaret.dz\/?page_id=8252"},"modified":"2025-03-23T11:31:22","modified_gmt":"2025-03-23T10:31:22","slug":"%d8%b9%d8%b1%d9%88%d8%b6-%d8%a7%d9%84%d8%aa%d9%83%d9%88%d9%8a%d9%86","status":"publish","type":"page","link":"https:\/\/fll.univ-tiaret.dz\/?page_id=8252","title":{"rendered":"\u0639\u0631\u0648\u0636 \u0627\u0644\u062a\u0643\u0648\u064a\u0646"},"content":{"rendered":"<h1>\u0646\u0638\u0627\u0645 \u0644.\u0645.\u062f   LMD<br \/>\n<\/h1>\n<section id=\"header11-1l\">\n<h4><strong>\u0644\u064a\u0633\u0627\u0646\u0633 \u0645\u0627\u0633\u062a\u0631 \u062f\u0643\u062a\u0648\u0627\u0647<\/strong><\/h4>\n<p>\u0627\u0633\u062a\u062c\u0627\u0628\u0629 \u0644\u062f\u0648\u0627\u0639\u064a \u062a\u062d\u0633\u064a\u0646 \u0646\u0648\u0639\u064a\u0629 \u0627\u0644\u062a\u0639\u0644\u064a\u0645 \u0627\u0644\u0639\u0627\u0644\u064a \u0648 \u0625\u0639\u0637\u0627\u0621 \u0634\u0647\u0627\u062f\u0627\u062a \u0627\u0644\u062a\u0639\u0644\u064a\u0645 \u0627\u0644\u0639\u0627\u0644\u064a \u0642\u064a\u0645\u0629 \u0639\u0627\u0644\u0645\u064a\u0629<br \/>\u064a\u0639\u062a\u0645\u062f \u0646\u0638\u0627\u0645 \u0644 \u0645 \u062f- \u0644\u064a\u0633\u0627\u0646\u0633\u060c \u0645\u0627\u0633\u062a\u0631\u060c \u062f\u0643\u062a\u0648\u0631\u0627\u0647- \u0639\u0644\u0649 \u062b\u0644\u0627\u062b \u0645\u0631\u0627\u062d\u0644 \u062a\u0643\u0648\u064a\u0646\u064a\u0629 \u062a\u062a\u0648\u062c \u0643\u0644 \u0645\u0631\u062d\u0644\u0629 \u0645\u0646\u0647\u0627 \u0628\u0634\u0647\u0627\u062f\u0629 \u062c\u0627\u0645\u0639\u064a\u0629:<\/p>\n<ol>\n<li>\u0645\u0631\u062d\u0644\u0629 \u0623\u0648\u0644\u0649: \u0628\u0643\u0627\u0644\u0648\u0631\u064a\u0627+3\u060c \u062a\u062a\u0648\u062c \u0628\u0634\u0647\u0627\u0630\u0629 \u0627\u0644\u0644\u064a\u0633\u0627\u0646\u0633 .<\/li>\n<li>\u0645\u0631\u062d\u0644\u0629 \u062b\u0627\u0646\u064a\u0629: \u0628\u0643\u0627\u0644\u0648\u0631\u064a\u0627+5\u060c \u062a\u062a\u0648\u062c \u0628\u0634\u0647\u0627\u0630\u0629 \u0627\u0644\u0645\u0627\u0633\u062a\u0631.<\/li>\n<li>\u0645\u0631\u062d\u0644\u0629 \u062b\u0627\u0644\u062b\u0629: \u0628\u0643\u0627\u0644\u0648\u0631\u064a\u0627+8\u060c \u062a\u062a\u0648\u062c \u0628\u0634\u0647\u0627\u0630\u0629 \u0627\u0644\u062f\u0643\u062a\u0648\u0631\u0627\u0647.<\/li>\n<\/ol>\n<ul>\n<li><a href=\"https:\/\/www.univ-tiaret.dz\/ar\/assets\/files\/Guide_LMD_fr.pdf\"><strong>\u062f\u0644\u064a\u0644 \u0639\u0645\u0644\u064a \u0644\u062a\u0646\u0641\u064a\u0630 \u0646\u0638\u0627\u0645 \u0644.\u0645.\u062f<\/strong><\/a>.<\/li>\n<li><a href=\"https:\/\/www.univ-tiaret.dz\/ar\/assets\/files\/Glossaire_LMD_Bilingue.pdf\">Glossaire LMD Bilingue<\/a><\/li>\n<\/ul>\n<\/section>\n<section id=\"footer1-ah\">\u00a0<\/section>\n<h3>\u0639\u0631\u0648\u0636 \u0627\u0644\u062a\u0643\u0648\u064a\u0646 (\u0643\u0644\u064a\u0629 \u0627\u0644\u0622\u062f\u0627\u0628 \u0648\u0627\u0644\u0644\u063a\u0627\u062a)<\/h3>\n<p>\t\t\t\t\t\t\t\t\t\t\t\t<a tabindex=\"0\">\u0637\u0648\u0631 \u0627\u0644\u0644\u064a\u0633\u0627\u0646\u0633<\/a><\/p>\n<table width=\"804\">\n<tbody>\n<tr>\n<td width=\"64\">\n<p>Facult\u00e9<\/p>\n<\/td>\n<td width=\"64\">\n<p>Domaine<\/p>\n<\/td>\n<td width=\"64\">\n<p>Fili\u00e9re \/FR<\/p>\n<\/td>\n<td width=\"64\">\n<p>Fili\u00e9re\/AR<\/p>\n<\/td>\n<td width=\"85\">\n<p>Specialit\u00e9 \/FR<\/p>\n<\/td>\n<td width=\"85\">\n<p>Specialit\u00e9 \/AR<\/p>\n<\/td>\n<td width=\"64\">\n<p>Arr\u00e9t\u00e9\u00a0<\/p>\n<\/td>\n<td width=\"132\">\n<p>Validit\u00e9<\/p>\n<\/td>\n<td width=\"118\">\u00a0<\/td>\n<td width=\"64\">\n<p>nomb<\/p>\n<\/td>\n<\/tr>\n<tr>\n<td rowspan=\"9\" width=\"64\">\n<p>lettres et Langues \u00e9trang\u00e9res<\/p>\n<\/td>\n<td rowspan=\"4\" width=\"64\">\n<p>LLA<\/p>\n<\/td>\n<td width=\"64\">\n<p>Etudes critiques<\/p>\n<\/td>\n<td width=\"64\">\n<p>\u062f\u0631\u0627\u0633\u0627\u062a \u0646\u0642\u062f\u064a\u0629<\/p>\n<\/td>\n<td width=\"85\">\n<p><a href=\"http:\/\/scolarite.univ-tiaret.dz\/document\/formation\/LL\/Canevas%20et%20Arr%C3%AAt%C3%A9s%20LLA\/LLA_Canevas\/LICENCE%20Langues%20Arabes\/%D8%A7%D9%84%D9%86%D9%82%D8%AF%20%D9%88%20%D8%A7%D9%84%D9%85%D9%86%D8%A7%D9%87%D8%AC.pdf\">Critique et m\u00e9thodes<\/a><\/p>\n<\/td>\n<td width=\"85\">\n<p>\u0646\u0642\u062f \u0648 \u0645\u0646\u0627\u0647\u062c<\/p>\n<\/td>\n<td rowspan=\"4\" width=\"64\">\n<p><a href=\"http:\/\/scolarite.univ-tiaret.dz\/document\/formation\/LL\/Canevas%20et%20Arr%C3%AAt%C3%A9s%20LLA\/LLA_Arr%C3%AAt%C3%A9s\/arr%C3%A9t%C3%A9%20mise%20en%20conformit%C3%A9%20LLA%20-%20U%20Tiaret.pdf\">549<\/a><\/p>\n<\/td>\n<td rowspan=\"4\" width=\"132\">\n<p>05 Aout 2015<\/p>\n<\/td>\n<td rowspan=\"6\" width=\"118\">\n<p>2015-2016<\/p>\n<\/td>\n<td rowspan=\"8\" width=\"64\">\n<p>8<\/p>\n<\/td>\n<\/tr>\n<tr>\n<td rowspan=\"2\" width=\"64\">\n<p>Etudes Linguistiques<\/p>\n<\/td>\n<td rowspan=\"2\" width=\"64\">\n<p>\u062f\u0631\u0627\u0633\u0627\u062a \u0644\u063a\u0648\u064a\u0629<\/p>\n<\/td>\n<td width=\"85\">\n<p><a href=\"http:\/\/scolarite.univ-tiaret.dz\/document\/formation\/LL\/Canevas%20et%20Arr%C3%AAt%C3%A9s%20LLA\/LLA_Canevas\/LICENCE%20Langues%20Arabes\/%D9%84%D8%B3%D8%A7%D9%86%D9%8A%D8%A7%D8%AA%20%D8%B9%D8%A7%D9%85%D8%A9.pdf\">Linguistique g\u00e9n\u00e9rale<\/a><\/p>\n<\/td>\n<td width=\"85\">\n<p>\u0644\u0633\u0627\u0646\u064a\u0627\u062a \u0639\u0627\u0645\u0629<\/p>\n<\/td>\n<\/tr>\n<tr>\n<td width=\"85\">\n<p><a href=\"http:\/\/scolarite.univ-tiaret.dz\/document\/formation\/LL\/Canevas%20et%20Arr%C3%AAt%C3%A9s%20LLA\/LLA_Canevas\/LICENCE%20Langues%20Arabes\/%D9%84%D8%B3%D8%A7%D9%86%D9%8A%D8%A7%D8%AA%20%D8%AA%D8%B7%D8%A8%D9%8A%D9%82%D9%8A%D8%A9.pdf\">Linguistique appliqu\u00e9e<\/a><\/p>\n<\/td>\n<td width=\"85\">\n<p>\u0644\u0633\u0627\u0646\u064a\u0627\u062a \u062a\u0637\u0628\u064a\u0642\u064a\u0629<\/p>\n<\/td>\n<\/tr>\n<tr>\n<td width=\"64\">\n<p>Etudes Litt\u00e9raires<\/p>\n<\/td>\n<td width=\"64\">\n<p>\u062f\u0631\u0627\u0633\u0627\u062a \u0623\u062f\u0628\u064a\u0629<\/p>\n<\/td>\n<td width=\"85\">\n<p><a href=\"http:\/\/scolarite.univ-tiaret.dz\/document\/formation\/LL\/Canevas%20et%20Arr%C3%AAt%C3%A9s%20LLA\/LLA_Canevas\/LICENCE%20Langues%20Arabes\/%D8%A7%D8%AF%D8%A8%20%D8%B9%D8%B1%D8%A8%D9%8A.pdf\">Litt\u00e9rature arabe<\/a><\/p>\n<\/td>\n<td width=\"85\">\n<p>\u0623\u062f\u0628 \u0639\u0631\u0628\u064a<\/p>\n<\/td>\n<\/tr>\n<tr>\n<td rowspan=\"4\" width=\"64\">\n<p>LLE<\/p>\n<\/td>\n<td width=\"64\">\n<p>Langue Fran\u00e7aise\u00a0<\/p>\n<\/td>\n<td width=\"64\">\n<p>\u0644\u063a\u0629 \u0641\u0631\u0646\u0633\u064a\u0629<\/p>\n<\/td>\n<td width=\"85\">\n<p><a href=\"http:\/\/scolarite.univ-tiaret.dz\/document\/formation\/LL\/Canevas%20et%20Arr%C3%AAt%C3%A9s%20LLE\/LLE_Canevas\/FRANCAIS\/LICENCE_FRANCAIS\/LICENCE_FRANCAIS.pdf\">Langue Fran\u00e7aise\u00a0<\/a><\/p>\n<\/td>\n<td width=\"85\">\n<p>\u0644\u063a\u0629 \u0641\u0631\u0646\u0633\u064a\u0629<\/p>\n<\/td>\n<td width=\"64\">\n<p><a href=\"http:\/\/scolarite.univ-tiaret.dz\/document\/formation\/LL\/Canevas%20et%20Arr%C3%AAt%C3%A9s%20LLE\/LLE_Arr%C3%AAt%C3%A9s\/ARR%C3%8ATE%201074%20LICENCE%20FR_TIARET.pdf\">1074<\/a><\/p>\n<\/td>\n<td width=\"132\">\n<p>09 Aout 2016<\/p>\n<\/td>\n<\/tr>\n<tr>\n<td width=\"64\">\n<p>Langue anglaise<\/p>\n<\/td>\n<td width=\"64\">\n<p>\u0644\u063a\u0629 \u0627\u0646\u062c\u0644\u064a\u0632\u064a\u0629<\/p>\n<\/td>\n<td width=\"85\">\n<p>Langue anglaise<\/p>\n<\/td>\n<td width=\"85\">\n<p>\u0644\u063a\u0629 \u0627\u0646\u062c\u0644\u064a\u0632\u064a\u0629<\/p>\n<\/td>\n<td width=\"64\">\n<p><a href=\"http:\/\/scolarite.univ-tiaret.dz\/document\/formation\/LL\/Canevas%20et%20Arr%C3%AAt%C3%A9s%20LLE\/LLE_Arr%C3%AAt%C3%A9s\/Arr%C3%AAt%C3%A9%20n%C2%B01021%20Lic%20Anglais%202015-2016%20U%20Tiaret.pdf\">1021<\/a><\/p>\n<\/td>\n<td width=\"132\">\n<p>13-oct-15<\/p>\n<\/td>\n<\/tr>\n<tr>\n<td width=\"64\">\n<p>Langue espagnole<\/p>\n<\/td>\n<td width=\"64\">\n<p>\u0644\u063a\u0629 \u0627\u0633\u0628\u0627\u0646\u064a\u0629<\/p>\n<\/td>\n<td width=\"85\">\n<p>Langue espagnole<\/p>\n<\/td>\n<td width=\"85\">\n<p>Langue espagnole<\/p>\n<\/td>\n<td width=\"64\">\u00a0<\/td>\n<td width=\"132\">\u00a0<\/td>\n<td rowspan=\"2\" width=\"118\">\n<p>2022-2023<\/p>\n<\/td>\n<\/tr>\n<tr>\n<td width=\"64\">\n<p>Langue Allemande<\/p>\n<\/td>\n<td width=\"64\">\n<p>\u0644\u063a\u0629 \u0627\u0644\u0645\u0627\u0646\u064a\u0629<\/p>\n<\/td>\n<td width=\"85\">\n<p>Langue Allemande<\/p>\n<\/td>\n<td width=\"85\">\n<p>Langue Allemande<\/p>\n<\/td>\n<td width=\"64\">\u00a0<\/td>\n<td width=\"132\">\u00a0<\/td>\n<\/tr>\n<tr>\n<td width=\"64\">\n<p>Arts<\/p>\n<\/td>\n<td width=\"64\">\n<p>Arts du spectacle<\/p>\n<\/td>\n<td width=\"64\">\n<p>\u0641\u0646\u0648\u0646 \u0627\u0644\u0639\u0631\u0636<\/p>\n<\/td>\n<td width=\"85\">\n<p><a href=\"http:\/\/scolarite.univ-tiaret.dz\/document\/formation\/Arts\/Arts_Canevas\/%D8%B9%D8%B1%D8%B6%20%D8%AA%D9%83%D9%88%D9%8A%D9%86%20%D9%84%D9%8A%D8%B3%D8%A7%D9%86%D8%B3%20%D9%81%D9%86%D9%88%D9%862022\/%D8%B9%D8%B1%D8%B6%20%D8%AA%D9%83%D9%88%D9%8A%D9%86%20%D9%81%D9%86%D9%88%D9%862022%20%D8%AA%D9%8A%D8%A7%20%D8%B1%D8%AA%20(1).pdf\">Arts dramatiques<\/a><\/p>\n<\/td>\n<td width=\"85\">\n<p>\u0641\u0646\u0648\u0646 \u062f\u0631\u0627\u0645\u064a\u0629<\/p>\n<\/td>\n<td width=\"64\">\n<p><a href=\"http:\/\/scolarite.univ-tiaret.dz\/document\/formation\/Arts\/Arts_Arr%C3%AAt%C3%A9s\/Arr%C3%AAt%C3%A9_Licence_Arts\/arrete%20N%201024\/Arr%C3%AAt%C3%A9%20N%C2%B0%201024%20du%2025.07.2023_Habilitation%20L%20et%20M%20(2).pdf\">1024<\/a><\/p>\n<\/td>\n<td width=\"132\">\n<p>25\/07\/2023<\/p>\n<\/td>\n<td width=\"118\">2023-2024<\/td>\n<td width=\"64\">\n<p>1<\/p>\n<\/td>\n<\/tr>\n<\/tbody>\n<\/table>\n<p>\t\t\t\t\t\t\t\t\t\t\t\t<a tabindex=\"0\">\u0637\u0648\u0631 \u0627\u0644\u0645\u0627\u0633\u062a\u0631<\/a><\/p>\n<table width=\"763\">\n<tbody>\n<tr>\n<td rowspan=\"9\" width=\"64\">\n<p>s et Langues \u00e9trang\u00e9res<\/p>\n<\/td>\n<td rowspan=\"5\" width=\"64\">\n<p>LLA<\/p>\n<\/td>\n<td width=\"64\">\u00a0<\/td>\n<td rowspan=\"2\" width=\"64\">\n<p>\u062f\u0631\u0627\u0633\u0627\u062a \u0623\u062f\u0628\u064a\u0629<\/p>\n<\/td>\n<td rowspan=\"2\" width=\"125\">\n<p><a href=\"http:\/\/scolarite.univ-tiaret.dz\/document\/formation\/LL\/Canevas%20et%20Arr%C3%AAt%C3%A9s%20LLA\/LLA_Canevas\/MASTER%20Langues%20Arabes\/%D8%A7%D8%AF%D8%A8%20%D8%AD%D8%AF%D9%8A%D8%AB%20%D9%88%20%D9%85%D8%B9%D8%A7%D8%B5%D8%B1\/%D9%85%D8%A7%D8%B3%D8%AA%D8%B1%20%20%D8%A3%D8%AF%D8%A8%20%D8%AD%D8%AF%D9%8A%D8%AB%20%D9%88%D9%85%D8%B9%D8%A7%D8%B5%D8%B1%20%D9%85%D9%88%D8%A7%D8%A1%D8%A9%D9%85%D8%A92106-2017.pdf\">Lettre moderne et contemporaine<\/a><\/p>\n<\/td>\n<td rowspan=\"2\" width=\"64\">\n<p>\u0627\u062f\u0628 \u0639\u0631\u0628\u064a \u062d\u062f\u064a\u062b \u0648 \u0645\u0639\u0627\u0635\u0631<\/p>\n<\/td>\n<td rowspan=\"5\" width=\"53\">\n<p><a href=\"http:\/\/scolarite.univ-tiaret.dz\/document\/formation\/LL\/Canevas%20et%20Arr%C3%AAt%C3%A9s%20LLA\/LLA_Arr%C3%AAt%C3%A9s\/Arr%C3%A9t%C3%A9%20N%C2%B0%201250%20-Master%20Harm.%20LA-%20du%2009%20Aout%20016.pdf\">1250<\/a><\/p>\n<\/td>\n<td rowspan=\"5\" width=\"105\">\n<p>09\/08\/2016<\/p>\n<\/td>\n<td rowspan=\"5\" width=\"96\">\n<p>2016-2017<\/p>\n<\/td>\n<td rowspan=\"9\" width=\"64\">\n<p>8<\/p>\n<\/td>\n<\/tr>\n<tr>\n<td width=\"64\">\u00c9tudes Litt\u00e9raire\u00a0<\/td>\n<\/tr>\n<tr>\n<td width=\"64\">\n<p>\u00c9tudes critiques\u00a0<\/p>\n<\/td>\n<td width=\"64\">\n<p>\u062f\u0631\u0627\u0633\u0627\u062a \u0646\u0642\u062f\u064a\u0629<\/p>\n<\/td>\n<td width=\"125\">\n<p><a href=\"http:\/\/scolarite.univ-tiaret.dz\/document\/formation\/LL\/Canevas%20et%20Arr%C3%AAt%C3%A9s%20LLA\/LLA_Canevas\/MASTER%20Langues%20Arabes\/%D9%86%D9%82%D8%AF%20%D8%AD%D8%AF%D9%8A%D8%AB%20%D9%88%20%D9%85%D8%B9%D8%A7%D8%B5%D8%B1\/%D9%85%D8%A7%D8%B3%D8%AA%D8%B1%20%20%D9%86%D9%82%D8%AF%20%D8%AD%D8%AF%D9%8A%D8%AB%20%D9%88%D9%85%D8%B9%D8%A7%D8%B5%D8%B1%20%D9%85%D9%88%D8%A7%D8%A1%D8%A9%D9%85%D8%A92106-2017.pdf\">Critique moderne et contemporaine\u00a0<\/a><\/p>\n<\/td>\n<td width=\"64\">\n<p>\u0646\u0642\u062f \u062d\u062f\u064a\u062b \u0648 \u0645\u0639\u0627\u0635\u0631<\/p>\n<\/td>\n<\/tr>\n<tr>\n<td rowspan=\"2\" width=\"64\">\n<p>\u00c9tudes Des Langues\u00a0<\/p>\n<\/td>\n<td rowspan=\"2\" width=\"64\">\n<p>\u062f\u0631\u0627\u0633\u0627\u062a \u0644\u063a\u0648\u064a\u0629<\/p>\n<\/td>\n<td width=\"125\">\n<p><a href=\"http:\/\/scolarite.univ-tiaret.dz\/document\/formation\/LL\/Canevas%20et%20Arr%C3%AAt%C3%A9s%20LLA\/LLA_Canevas\/MASTER%20Langues%20Arabes\/%D9%84%D8%B3%D8%A7%D9%86%D9%8A%D8%A7%D8%AA%20%D8%A7%D9%84%D8%AE%D8%B7%D8%A7%D8%A8\/%D9%85%D8%A7%D8%B3%D8%AA%D8%B1%20%D9%84%D8%B3%D8%A7%D9%86%D9%8A%D8%A7%D8%AA%20%D8%A7%D9%84%D8%AE%D8%B7%D8%A7%D8%A8.doc\">Linguistique de discours<\/a><\/p>\n<\/td>\n<td width=\"64\">\n<p>\u0644\u0633\u0627\u0646\u064a\u0627\u062a \u0627\u0644\u062e\u0637\u0627\u0628<\/p>\n<\/td>\n<\/tr>\n<tr>\n<td width=\"125\">\n<p><a href=\"http:\/\/scolarite.univ-tiaret.dz\/document\/formation\/LL\/Canevas%20et%20Arr%C3%AAt%C3%A9s%20LLA\/LLA_Canevas\/MASTER%20Langues%20Arabes\/%D8%AA%D8%B9%D9%84%D9%8A%D9%85%D9%8A%D8%A9%20%D8%A7%D9%84%D9%84%D8%BA%D8%A7%D8%AA\/%D8%AA%D8%B9%D9%84%D9%8A%D9%85%D9%8A%D8%A9%20%D8%A7%D9%84%D9%84%D8%BA%D8%A7%D8%AA.docx\">Didactique\u00a0 Des\u00a0 Langues\u00a0<\/a><\/p>\n<\/td>\n<td width=\"64\">\n<p>\u062a\u0639\u0644\u064a\u0645\u0627\u062a \u0627\u0644\u0644\u063a\u0627\u062a<\/p>\n<\/td>\n<\/tr>\n<tr>\n<td rowspan=\"4\" width=\"64\">\n<p>LLE<\/p>\n<\/td>\n<td rowspan=\"2\" width=\"64\">\n<p>Langue fran\u00e7aise\u00a0<\/p>\n<\/td>\n<td rowspan=\"2\" width=\"64\">\n<p>\u0644\u063a\u0629 \u0641\u0631\u0646\u0633\u064a\u0629<\/p>\n<\/td>\n<td width=\"125\">\n<p><a href=\"http:\/\/scolarite.univ-tiaret.dz\/document\/formation\/LL\/Canevas%20et%20Arr%C3%AAt%C3%A9s%20LLE\/LLE_Canevas\/FRANCAIS\/MASTER%20_FRANCAIS\/MASTER_FRANCAIS%20DIDACTIQUE%20DES%20LANGUES%20ETRANGERES.pdf\">Didactique des langues \u00e9trang\u00e8res<\/a><\/p>\n<\/td>\n<td width=\"64\">\n<p>\u062a\u0639\u0644\u064a\u0645\u064a\u0629 \u0627\u0644\u0644\u063a\u0627\u062a \u0627\u0644\u0627\u062c\u0646\u0628\u064a\u0629<\/p>\n<\/td>\n<td width=\"53\">\n<p><a href=\"http:\/\/scolarite.univ-tiaret.dz\/document\/formation\/LL\/Canevas%20et%20Arr%C3%AAt%C3%A9s%20LLE\/LLE_Arr%C3%AAt%C3%A9s\/M.LE.LLE1\">1427<\/a><\/p>\n<\/td>\n<td width=\"105\">\n<p>09\/08\/2016<\/p>\n<\/td>\n<td width=\"96\">\n<p>2016-2017<\/p>\n<\/td>\n<\/tr>\n<tr>\n<td width=\"125\">\n<p><a href=\"http:\/\/scolarite.univ-tiaret.dz\/document\/formation\/LL\/Canevas%20et%20Arr%C3%AAt%C3%A9s%20LLE\/LLE_Canevas\/FRANCAIS\/MASTER%20_FRANCAIS\/MASTER%20FRANCAIS%20LITTERATURE.pdf\">litt\u00e9rature g\u00e9n\u00e9rale et compar\u00e9e<\/a><\/p>\n<\/td>\n<td width=\"64\">\n<p>\u0627\u062f\u0628 \u0639\u0627\u0645 \u0648 \u0645\u0641\u0627\u0631\u0646<\/p>\n<\/td>\n<td width=\"53\">\n<p><a href=\"http:\/\/scolarite.univ-tiaret.dz\/document\/formation\/LL\/Canevas%20et%20Arr%C3%AAt%C3%A9s%20LLE\/LLE_Arr%C3%AAt%C3%A9s\/M.%20SNV.%20STU.%20LLE.CECG.pdf\">835<\/a><\/p>\n<\/td>\n<td width=\"105\">\n<p>27\/07\/2017<\/p>\n<\/td>\n<td width=\"96\">\n<p>2017-2018<\/p>\n<\/td>\n<\/tr>\n<tr>\n<td rowspan=\"2\" width=\"64\">\n<p>Langue anglaise<\/p>\n<\/td>\n<td rowspan=\"2\" width=\"64\">\n<p>\u0644\u063a\u0629 \u0627\u0646\u062c\u0644\u064a\u0632\u064a\u0629<\/p>\n<\/td>\n<td width=\"125\">\n<p><a href=\"http:\/\/scolarite.univ-tiaret.dz\/document\/formation\/LL\/Canevas%20et%20Arr%C3%AAt%C3%A9s%20LLE\/LLE_Canevas\/ANGLAIS\/MASTER%20ANGLAIS\/MASTER%20ANGLAIS%20DIDACTICS.pdf\">Didactique des langues \u00e9trang\u00e8res<\/a><\/p>\n<\/td>\n<td width=\"64\">\n<p>\u062a\u0639\u0644\u064a\u0645\u064a\u0629 \u0627\u0644\u0644\u063a\u0627\u062a \u0627\u0644\u0627\u062c\u0646\u0628\u064a\u0629<\/p>\n<\/td>\n<td width=\"53\">\n<p><a href=\"http:\/\/scolarite.univ-tiaret.dz\/document\/formation\/LL\/Canevas%20et%20Arr%C3%AAt%C3%A9s%20LLE\/LLE_Arr%C3%AAt%C3%A9s\/%D8%AA%D8%B9%D9%84%D9%8A%D9%85%D9%8A%D8%A9%20%D8%A7%D9%84%D9%84%D8%BA%D8%A7%D8%AA%20%D8%A7%D9%84%D8%A7%D8%AC%D9%86%D8%A8%D9%8A%D8%A9.PDF\">964<\/a><\/p>\n<\/td>\n<td width=\"105\">\n<p>09\/07\/2016<\/p>\n<\/td>\n<td width=\"96\">\n<p>2016-2017<\/p>\n<\/td>\n<\/tr>\n<tr>\n<td width=\"125\">\n<p><a href=\"http:\/\/scolarite.univ-tiaret.dz\/document\/formation\/LL\/Canevas%20et%20Arr%C3%AAt%C3%A9s%20LLE\/LLE_Canevas\/ANGLAIS\/MASTER%20ANGLAIS\/MASTER%20ANGLAIS%20LINGUISTICS.pdf\">Linguistique<\/a><\/p>\n<\/td>\n<td width=\"64\">\n<p>\u0644\u0633\u0627\u0646\u064a\u0627\u062a<\/p>\n<\/td>\n<td width=\"53\">\n<p><a href=\"http:\/\/scolarite.univ-tiaret.dz\/document\/formation\/LL\/Canevas%20et%20Arr%C3%AAt%C3%A9s%20LLE\/LLE_Arr%C3%AAt%C3%A9s\/M.%20SNV.%20STU.%20LLE.CECG.pdf\">835<\/a><\/p>\n<\/td>\n<td width=\"105\">\n<p>27\/07\/2017<\/p>\n<\/td>\n<td width=\"96\">\n<p>2017-2018<\/p>\n<\/td>\n<\/tr>\n<\/tbody>\n<\/table>\n","protected":false},"excerpt":{"rendered":"<p>\u0646\u0638\u0627\u0645 \u0644.\u0645.\u062f LMD \u0644\u064a\u0633\u0627\u0646\u0633 \u0645\u0627\u0633\u062a\u0631 \u062f\u0643\u062a\u0648\u0627\u0647 \u0627\u0633\u062a\u062c\u0627\u0628\u0629 \u0644\u062f\u0648\u0627\u0639\u064a \u062a\u062d\u0633\u064a\u0646 \u0646\u0648\u0639\u064a\u0629 \u0627\u0644\u062a\u0639\u0644\u064a\u0645 \u0627\u0644\u0639\u0627\u0644\u064a \u0648 \u0625\u0639\u0637\u0627\u0621 \u0634\u0647\u0627\u062f\u0627\u062a \u0627\u0644\u062a\u0639\u0644\u064a\u0645 \u0627\u0644\u0639\u0627\u0644\u064a \u0642\u064a\u0645\u0629 \u0639\u0627\u0644\u0645\u064a\u0629\u064a\u0639\u062a\u0645\u062f \u0646\u0638\u0627\u0645 \u0644 \u0645 \u062f- \u0644\u064a\u0633\u0627\u0646\u0633\u060c \u0645\u0627\u0633\u062a\u0631\u060c \u062f\u0643\u062a\u0648\u0631\u0627\u0647- \u0639\u0644\u0649 \u062b\u0644\u0627\u062b \u0645\u0631\u0627\u062d\u0644 \u062a\u0643\u0648\u064a\u0646\u064a\u0629 \u062a\u062a\u0648\u062c \u0643\u0644 \u0645\u0631\u062d\u0644\u0629 \u0645\u0646\u0647\u0627 \u0628\u0634\u0647\u0627\u062f\u0629 \u062c\u0627\u0645\u0639\u064a\u0629: \u0645\u0631\u062d\u0644\u0629 \u0623\u0648\u0644\u0649: \u0628\u0643\u0627\u0644\u0648\u0631\u064a\u0627+3\u060c \u062a\u062a\u0648\u062c \u0628\u0634\u0647\u0627\u0630\u0629 \u0627\u0644\u0644\u064a\u0633\u0627\u0646\u0633 . \u0645\u0631\u062d\u0644\u0629 \u062b\u0627\u0646\u064a\u0629: \u0628\u0643\u0627\u0644\u0648\u0631\u064a\u0627+5\u060c \u062a\u062a\u0648\u062c \u0628\u0634\u0647\u0627\u0630\u0629 \u0627\u0644\u0645\u0627\u0633\u062a\u0631. \u0645\u0631\u062d\u0644\u0629 \u062b\u0627\u0644\u062b\u0629: \u0628\u0643\u0627\u0644\u0648\u0631\u064a\u0627+8\u060c \u062a\u062a\u0648\u062c \u0628\u0634\u0647\u0627\u0630\u0629 \u0627\u0644\u062f\u0643\u062a\u0648\u0631\u0627\u0647. [&hellip;]<\/p>\n","protected":false},"author":49,"featured_media":0,"parent":0,"menu_order":0,"comment_status":"closed","ping_status":"closed","template":"","meta":{"footnotes":""},"class_list":["post-8252","page","type-page","status-publish","hentry"],"_links":{"self":[{"href":"https:\/\/fll.univ-tiaret.dz\/index.php?rest_route=\/wp\/v2\/pages\/8252","targetHints":{"allow":["GET"]}}],"collection":[{"href":"https:\/\/fll.univ-tiaret.dz\/index.php?rest_route=\/wp\/v2\/pages"}],"about":[{"href":"https:\/\/fll.univ-tiaret.dz\/index.php?rest_route=\/wp\/v2\/types\/page"}],"author":[{"embeddable":true,"href":"https:\/\/fll.univ-tiaret.dz\/index.php?rest_route=\/wp\/v2\/users\/49"}],"replies":[{"embeddable":true,"href":"https:\/\/fll.univ-tiaret.dz\/index.php?rest_route=%2Fwp%2Fv2%2Fcomments&post=8252"}],"version-history":[{"count":16,"href":"https:\/\/fll.univ-tiaret.dz\/index.php?rest_route=\/wp\/v2\/pages\/8252\/revisions"}],"predecessor-version":[{"id":8271,"href":"https:\/\/fll.univ-tiaret.dz\/index.php?rest_route=\/wp\/v2\/pages\/8252\/revisions\/8271"}],"wp:attachment":[{"href":"https:\/\/fll.univ-tiaret.dz\/index.php?rest_route=%2Fwp%2Fv2%2Fmedia&parent=8252"}],"curies":[{"name":"wp","href":"https:\/\/api.w.org\/{rel}","templated":true}]}}